{"id":751,"date":"2015-11-20T15:17:24","date_gmt":"2015-11-20T15:17:24","guid":{"rendered":"http:\/\/magazinevibe.edge-themes.com\/?page_id=751"},"modified":"2024-02-07T19:42:43","modified_gmt":"2024-02-07T19:42:43","slug":"contact","status":"publish","type":"page","link":"https:\/\/www.focuspanama.info\/eng\/contact","title":{"rendered":"Contact"},"content":{"rendered":"<div id=\"tdi_1\" class=\"tdc-zone\"><div class=\"tdc_zone tdi_2 \"  >\n<style scoped>\n\/* custom css - generated by TagDiv Composer *\/\n\n\/* custom css - generated by TagDiv Composer *\/\n.tdi_2{\r\n                    min-height: 0;\r\n                }\n<\/style><div id=\"tdi_3\" class=\"tdc-row\"><div class=\"vc_row tdi_4  wpb_row td-pb-row\" >\n<style scoped>\n\/* custom css - generated by TagDiv Composer *\/\n\n\/* custom css - generated by TagDiv Composer *\/\n.tdi_4,\r\n                .tdi_4 .tdc-columns{\r\n                    min-height: 0;\r\n                }\n<\/style><div class=\"vc_column tdi_6  wpb_column vc_column_container tdc-column td-pb-span8\">\n<style scoped>\n\/* custom css - generated by TagDiv Composer *\/\n\n\/* custom css - generated by TagDiv Composer *\/\n.tdi_6{\r\n                    vertical-align: baseline;\r\n                }\n<\/style><div class=\"wpb_wrapper\" ><div class=\"vc_row_inner tdi_8  vc_row vc_inner wpb_row td-pb-row\" >\n<style scoped>\n\/* custom css - generated by TagDiv Composer *\/\n\n\/* custom css - generated by TagDiv Composer *\/\n.tdi_8{\r\n                    position: relative !important;\r\n                    top: 0;\r\n                    transform: none;\r\n                    -webkit-transform: none;\r\n                }\n<\/style><div class=\"vc_column_inner tdi_10  wpb_column vc_column_container tdc-inner-column td-pb-span6\">\n<style scoped>\n\/* custom css - generated by TagDiv Composer *\/\n\n\/* custom css - generated by TagDiv Composer *\/\n.tdi_10{\r\n                    vertical-align: baseline;\r\n                }\n<\/style><div class=\"vc_column-inner\"><div class=\"wpb_wrapper\" ><div class=\"wpb_wrapper wpb_text_column td_block_wrap td_block_wrap vc_column_text tdi_11  tagdiv-type td-pb-border-top td_block_template_1\"  data-td-block-uid=\"tdi_11\" >\n<style>\n\/* custom css - generated by TagDiv Composer *\/\n.vc_column_text > .td-element-style{\r\n\t\t\t\t\tz-index: -1;\r\n\t\t\t\t}\n<\/style><div class=\"td-block-title-wrap\"><h4 class=\"block-title\"><span class=\"td-pulldown-size\">Contacts<\/span><\/h4><\/div><div class=\"td-fix-index\"><div id=\"block-13\" class=\"widget edgtf-footer-column-1 widget_block widget_text\">\n<p><strong>Published by \/ Publicado por SIMA Dreams, S. A.<\/strong><\/p>\n<\/div>\n<div id=\"block-14\" class=\"widget edgtf-footer-column-1 widget_block widget_text\">\n<p>Urbanizaci\u00f3n Obarrio, Calle 57 Este,<br \/>\nEdificio P.H. Sortis Business Tower,<br \/>\nPiso 20, Oficina 2017<br \/>\nTel. 320-4300<\/p>\n<p>Editorial \/ Editorial<br \/>\ninfo@thevisitorpanama.net<\/p>\n<p>Mariangela Ara\u00faz<br \/>\nGeneral Director \/ Directora General<br \/>\ninfo@thevisitorpanama.net<\/p>\n<\/div>\n<\/div><\/div><\/div><\/div><\/div><div class=\"vc_column_inner tdi_13  wpb_column vc_column_container tdc-inner-column td-pb-span6\">\n<style scoped>\n\/* custom css - generated by TagDiv Composer *\/\n\n\/* custom css - generated by TagDiv Composer *\/\n.tdi_13{\r\n                    vertical-align: baseline;\r\n                }\n<\/style><div class=\"vc_column-inner\"><div class=\"wpb_wrapper\" ><div class=\"wpb_wrapper wpb_text_column td_block_wrap td_block_wrap vc_column_text tdi_14  tagdiv-type td-pb-border-top td_block_template_1\"  data-td-block-uid=\"tdi_14\" ><div class=\"td-block-title-wrap\"><h4 class=\"block-title\"><span class=\"td-pulldown-size\">About us<\/span><\/h4><\/div><div class=\"td-fix-index\"><p>Sales Department \/ Departamento de Ventas<br \/>\nventas@thevisitorpanama.net<\/p>\n<p>Digital Marketing Director \/ Director Marketing Digital<br \/>\nSen\u00e9n Gonz\u00e1lez Moreno<\/p>\n<p>Administrative Director\/ Directora Administrativa<br \/>\nItzila Moreno de Gonz\u00e1lez<\/p>\n<p>Editorial Coordination, Research and Writing \/ Coordinaci\u00f3n Editorial, Investigaci\u00f3n y Redacci\u00f3n :<br \/>\nAugusto Vel\u00e1squez Ortiz y Giovanna Ortiz Ros<\/p>\n<p>Editorial Design \/ Dise\u00f1o Editorial<br \/>\nGisela Abrego<\/p>\n<p>Editorial Web Design \/ Dise\u00f1o Editorial Web<br \/>\nChristopher Arosemena<\/p>\n<\/div><\/div><\/div><\/div><\/div><\/div><div class=\"vc_row_inner tdi_16  vc_row vc_inner wpb_row td-pb-row\" >\n<style scoped>\n\/* custom css - generated by TagDiv Composer *\/\n\n\/* custom css - generated by TagDiv Composer *\/\n.tdi_16{\r\n                    position: relative !important;\r\n                    top: 0;\r\n                    transform: none;\r\n                    -webkit-transform: none;\r\n                }\n<\/style><div class=\"vc_column_inner tdi_18  wpb_column vc_column_container tdc-inner-column td-pb-span12\">\n<style scoped>\n\/* custom css - generated by TagDiv Composer *\/\n\n\/* custom css - generated by TagDiv Composer *\/\n.tdi_18{\r\n                    vertical-align: baseline;\r\n                }\n<\/style><div class=\"vc_column-inner\"><div class=\"wpb_wrapper\" ><div class=\"wpb_wrapper wpb_text_column td_block_wrap td_block_wrap vc_column_text tdi_19  tagdiv-type td-pb-border-top td_block_template_1\"  data-td-block-uid=\"tdi_19\" ><div class=\"td-block-title-wrap\"><h4 class=\"block-title\"><span class=\"td-pulldown-size\">Member of:<\/span><\/h4><\/div><div class=\"td-fix-index\"><p><img loading=\"lazy\" decoding=\"async\" class=\"alignnone size-full wp-image-6229\" src=\"http:\/\/www.focuspanama.info\/esp\/wp-content\/uploads\/2022\/12\/logo-2-1.gif\" alt=\"\" width=\"992\" height=\"142\" \/><\/p>\n<\/div><\/div><\/div><\/div><\/div><\/div><\/div><\/div><div class=\"vc_column tdi_21  wpb_column vc_column_container tdc-column td-pb-span4\">\n<style scoped>\n\/* custom css - generated by TagDiv Composer *\/\n\n\/* custom css - generated by TagDiv Composer *\/\n.tdi_21{\r\n                    vertical-align: baseline;\r\n                }\n<\/style><div class=\"wpb_wrapper\" ><div class=\"td_block_wrap td_block_social_counter tdi_22 td-pb-border-top td_block_template_1\"><div class=\"td-block-title-wrap\"><h4 class=\"block-title\"><span class=\"td-pulldown-size\">Stay Connected<\/span><\/h4><\/div><div class=\"td-social-list\"><div class=\"td_social_type td-pb-margin-side td_social_facebook\"><div class=\"td-social-box\"><div class=\"td-sp td-sp-facebook\"><\/div><span class=\"td_social_info td_social_info_counter\">0<\/span><span class=\"td_social_info td_social_info_name\">Fans<\/span><span class=\"td_social_button\"><a href=\"https:\/\/www.facebook.com\/tagdiv\"  >Like<\/a><\/span><\/div><\/div><div class=\"td_social_type td-pb-margin-side td_social_twitter\"><div class=\"td-social-box\"><div class=\"td-sp td-sp-twitter\"><\/div><span class=\"td_social_info td_social_info_counter\">3,912<\/span><span class=\"td_social_info td_social_info_name\">Followers<\/span><span class=\"td_social_button\"><a href=\"https:\/\/twitter.com\/tagdivofficial\"  >Follow<\/a><\/span><\/div><\/div><\/div><\/div><div class=\"td_block_wrap td_block_2 tdi_23 td-pb-border-top td_block_template_1\"  data-td-block-uid=\"tdi_23\" >\n<style>\n\/* custom css - generated by TagDiv Composer *\/\n.tdi_23 .td-post-vid-time{\r\n\t\t\t\t\tdisplay: block;\r\n\t\t\t\t}\n<\/style><script>var block_tdi_23 = new tdBlock();\nblock_tdi_23.id = \"tdi_23\";\nblock_tdi_23.atts = '{\"limit\":\"4\",\"sort\":\"random_posts\",\"block_type\":\"td_block_2\",\"separator\":\"\",\"custom_title\":\"\",\"custom_url\":\"\",\"title_tag\":\"\",\"block_template_id\":\"\",\"border_top\":\"\",\"color_preset\":\"\",\"m4_tl\":\"\",\"m4_title_tag\":\"\",\"m4_el\":\"\",\"m6_tl\":\"\",\"m6_title_tag\":\"\",\"post_ids\":\"\",\"category_id\":\"\",\"category_ids\":\"\",\"tag_slug\":\"\",\"autors_id\":\"\",\"installed_post_types\":\"\",\"offset\":\"\",\"open_in_new_window\":\"\",\"show_modified_date\":\"\",\"video_popup\":\"\",\"video_rec\":\"\",\"video_rec_title\":\"\",\"show_vid_t\":\"block\",\"el_class\":\"\",\"td_ajax_filter_type\":\"\",\"td_ajax_filter_ids\":\"\",\"td_filter_default_txt\":\"All\",\"td_ajax_preloading\":\"\",\"f_header_font_header\":\"\",\"f_header_font_title\":\"Block header\",\"f_header_font_settings\":\"\",\"f_header_font_family\":\"\",\"f_header_font_size\":\"\",\"f_header_font_line_height\":\"\",\"f_header_font_style\":\"\",\"f_header_font_weight\":\"\",\"f_header_font_transform\":\"\",\"f_header_font_spacing\":\"\",\"f_header_\":\"\",\"f_ajax_font_title\":\"Ajax categories\",\"f_ajax_font_settings\":\"\",\"f_ajax_font_family\":\"\",\"f_ajax_font_size\":\"\",\"f_ajax_font_line_height\":\"\",\"f_ajax_font_style\":\"\",\"f_ajax_font_weight\":\"\",\"f_ajax_font_transform\":\"\",\"f_ajax_font_spacing\":\"\",\"f_ajax_\":\"\",\"f_more_font_title\":\"Load more button\",\"f_more_font_settings\":\"\",\"f_more_font_family\":\"\",\"f_more_font_size\":\"\",\"f_more_font_line_height\":\"\",\"f_more_font_style\":\"\",\"f_more_font_weight\":\"\",\"f_more_font_transform\":\"\",\"f_more_font_spacing\":\"\",\"f_more_\":\"\",\"m4f_title_font_header\":\"\",\"m4f_title_font_title\":\"Article title\",\"m4f_title_font_settings\":\"\",\"m4f_title_font_family\":\"\",\"m4f_title_font_size\":\"\",\"m4f_title_font_line_height\":\"\",\"m4f_title_font_style\":\"\",\"m4f_title_font_weight\":\"\",\"m4f_title_font_transform\":\"\",\"m4f_title_font_spacing\":\"\",\"m4f_title_\":\"\",\"m4f_cat_font_title\":\"Article category tag\",\"m4f_cat_font_settings\":\"\",\"m4f_cat_font_family\":\"\",\"m4f_cat_font_size\":\"\",\"m4f_cat_font_line_height\":\"\",\"m4f_cat_font_style\":\"\",\"m4f_cat_font_weight\":\"\",\"m4f_cat_font_transform\":\"\",\"m4f_cat_font_spacing\":\"\",\"m4f_cat_\":\"\",\"m4f_meta_font_title\":\"Article meta info\",\"m4f_meta_font_settings\":\"\",\"m4f_meta_font_family\":\"\",\"m4f_meta_font_size\":\"\",\"m4f_meta_font_line_height\":\"\",\"m4f_meta_font_style\":\"\",\"m4f_meta_font_weight\":\"\",\"m4f_meta_font_transform\":\"\",\"m4f_meta_font_spacing\":\"\",\"m4f_meta_\":\"\",\"m4f_ex_font_title\":\"Article excerpt\",\"m4f_ex_font_settings\":\"\",\"m4f_ex_font_family\":\"\",\"m4f_ex_font_size\":\"\",\"m4f_ex_font_line_height\":\"\",\"m4f_ex_font_style\":\"\",\"m4f_ex_font_weight\":\"\",\"m4f_ex_font_transform\":\"\",\"m4f_ex_font_spacing\":\"\",\"m4f_ex_\":\"\",\"m6f_title_font_header\":\"\",\"m6f_title_font_title\":\"Article title\",\"m6f_title_font_settings\":\"\",\"m6f_title_font_family\":\"\",\"m6f_title_font_size\":\"\",\"m6f_title_font_line_height\":\"\",\"m6f_title_font_style\":\"\",\"m6f_title_font_weight\":\"\",\"m6f_title_font_transform\":\"\",\"m6f_title_font_spacing\":\"\",\"m6f_title_\":\"\",\"m6f_cat_font_title\":\"Article category tag\",\"m6f_cat_font_settings\":\"\",\"m6f_cat_font_family\":\"\",\"m6f_cat_font_size\":\"\",\"m6f_cat_font_line_height\":\"\",\"m6f_cat_font_style\":\"\",\"m6f_cat_font_weight\":\"\",\"m6f_cat_font_transform\":\"\",\"m6f_cat_font_spacing\":\"\",\"m6f_cat_\":\"\",\"m6f_meta_font_title\":\"Article meta info\",\"m6f_meta_font_settings\":\"\",\"m6f_meta_font_family\":\"\",\"m6f_meta_font_size\":\"\",\"m6f_meta_font_line_height\":\"\",\"m6f_meta_font_style\":\"\",\"m6f_meta_font_weight\":\"\",\"m6f_meta_font_transform\":\"\",\"m6f_meta_font_spacing\":\"\",\"m6f_meta_\":\"\",\"ajax_pagination\":\"\",\"ajax_pagination_infinite_stop\":\"\",\"css\":\"\",\"tdc_css\":\"\",\"td_column_number\":1,\"header_color\":\"\",\"ajax_pagination_next_prev_swipe\":\"\",\"class\":\"tdi_23\",\"tdc_css_class\":\"tdi_23\",\"tdc_css_class_style\":\"tdi_23_rand_style\"}';\nblock_tdi_23.td_column_number = \"1\";\nblock_tdi_23.block_type = \"td_block_2\";\nblock_tdi_23.post_count = \"4\";\nblock_tdi_23.found_posts = \"164\";\nblock_tdi_23.header_color = \"\";\nblock_tdi_23.ajax_pagination_infinite_stop = \"\";\nblock_tdi_23.max_num_pages = \"41\";\ntdBlocksArray.push(block_tdi_23);\n<\/script><div id=tdi_23 class=\"td_block_inner\">\n\n\t<div class=\"td-block-span12\">\n\r\n        <div class=\"td_module_4 td_module_wrap td-animation-stack td-cpt-post\">\r\n            <div class=\"td-module-image\">\r\n                <div class=\"td-module-thumb\"><a href=\"https:\/\/www.focuspanama.info\/eng\/archives\/8442\"  rel=\"bookmark\" class=\"td-image-wrap \" title=\"Panam\u00e1 Accesible\" ><img loading=\"lazy\" decoding=\"async\" class=\"entry-thumb\" src=\"\" alt=\"\" title=\"Panam\u00e1 Accesible\" data-type=\"image_tag\" data-img-url=\"https:\/\/www.focuspanama.info\/eng\/wp-content\/uploads\/56696909_10155979555896283_2543644877262946304_n-300x194.jpg\"  width=\"300\" height=\"194\" \/><\/a><\/div>                                <a href=\"https:\/\/www.focuspanama.info\/eng\/archives\/category\/service\" class=\"td-post-category\">Service Guide<\/a>            <\/div>\r\n\r\n            <h3 class=\"entry-title td-module-title\"><a href=\"https:\/\/www.focuspanama.info\/eng\/archives\/8442\"  rel=\"bookmark\" title=\"Panam\u00e1 Accesible\">Panam\u00e1 Accesible<\/a><\/h3>\r\n            <div class=\"meta-info\">\r\n                                <span class=\"td-post-author-name\"><a href=\"https:\/\/www.focuspanama.info\/eng\/archives\/author\/admin\">admin<\/a> <span>-<\/span> <\/span>                <span class=\"td-post-date\"><time class=\"entry-date updated td-module-date\" datetime=\"2024-10-06T04:03:10+00:00\" >October 6, 2024<\/time><\/span>                <span class=\"td-module-comments\"><a href=\"https:\/\/www.focuspanama.info\/eng\/archives\/8442#respond\">0<\/a><\/span>            <\/div>\r\n\r\n            <div class=\"td-excerpt\">\r\n                \n\n\n\n\nAt Travel Panama Accessible, we transform tourism into a truly inclusive experience. We are the first travel agency and tour operator in the Republic...            <\/div>\r\n\r\n            \r\n        <\/div>\r\n\r\n        \n\t<\/div> <!-- .\/td-block-span12 -->\n\n\t<div class=\"td-block-span12\">\n\r\n        <div class=\"td_module_6 td_module_wrap td-animation-stack td-cpt-post\">\r\n            \r\n            <div class=\"td-module-thumb\"><a href=\"https:\/\/www.focuspanama.info\/eng\/archives\/6019\"  rel=\"bookmark\" class=\"td-image-wrap \" title=\"An Eden Where Time Stands Still\" ><img loading=\"lazy\" decoding=\"async\" class=\"entry-thumb\" src=\"\" alt=\"\" title=\"An Eden Where Time Stands Still\" data-type=\"image_tag\" data-img-url=\"https:\/\/www.focuspanama.info\/eng\/wp-content\/uploads\/2022\/08\/IMG_9649-copia-1_guna_yala07.jpg\"  width=\"85\" height=\"75\" \/><\/a><\/div>\r\n        <div class=\"item-details\">\r\n\r\n            <h3 class=\"entry-title td-module-title\"><a href=\"https:\/\/www.focuspanama.info\/eng\/archives\/6019\"  rel=\"bookmark\" title=\"An Eden Where Time Stands Still\">An Eden Where Time Stands Still<\/a><\/h3>            <div class=\"meta-info\">\r\n                <a href=\"https:\/\/www.focuspanama.info\/eng\/archives\/category\/gunayala\" class=\"td-post-category\">Guna Yala<\/a>                                                <span class=\"td-post-date\"><time class=\"entry-date updated td-module-date\" datetime=\"2022-08-24T21:19:48+00:00\" >August 24, 2022<\/time><\/span>                            <\/div>\r\n        <\/div>\r\n\r\n        <\/div>\r\n\r\n        \n\t<\/div> <!-- .\/td-block-span12 -->\n\n\t<div class=\"td-block-span12\">\n\r\n        <div class=\"td_module_6 td_module_wrap td-animation-stack td-cpt-post\">\r\n            \r\n            <div class=\"td-module-thumb\"><a href=\"https:\/\/www.focuspanama.info\/eng\/archives\/5526\"  rel=\"bookmark\" class=\"td-image-wrap \" title=\"Ideal Destination for Ecological and Beach Tourism\" ><img loading=\"lazy\" decoding=\"async\" class=\"entry-thumb\" src=\"\" alt=\"\" title=\"Ideal Destination for Ecological and Beach Tourism\" data-type=\"image_tag\" data-img-url=\"https:\/\/www.focuspanama.info\/eng\/wp-content\/uploads\/2021\/09\/panama_oeste08-1300x866-1-100x75.jpg\"  width=\"100\" height=\"75\" \/><\/a><\/div>\r\n        <div class=\"item-details\">\r\n\r\n            <h3 class=\"entry-title td-module-title\"><a href=\"https:\/\/www.focuspanama.info\/eng\/archives\/5526\"  rel=\"bookmark\" title=\"Ideal Destination for Ecological and Beach Tourism\">Ideal Destination for Ecological and Beach Tourism<\/a><\/h3>            <div class=\"meta-info\">\r\n                <a href=\"https:\/\/www.focuspanama.info\/eng\/archives\/category\/west-panama\" class=\"td-post-category\">West Panama<\/a>                                                <span class=\"td-post-date\"><time class=\"entry-date updated td-module-date\" datetime=\"2021-09-26T18:42:17+00:00\" >September 26, 2021<\/time><\/span>                            <\/div>\r\n        <\/div>\r\n\r\n        <\/div>\r\n\r\n        \n\t<\/div> <!-- .\/td-block-span12 -->\n\n\t<div class=\"td-block-span12\">\n\r\n        <div class=\"td_module_6 td_module_wrap td-animation-stack td-cpt-post\">\r\n            \r\n            <div class=\"td-module-thumb\"><a href=\"https:\/\/www.focuspanama.info\/eng\/archives\/6259\"  rel=\"bookmark\" class=\"td-image-wrap \" title=\"Hotel Playa Reina\" ><img loading=\"lazy\" decoding=\"async\" class=\"entry-thumb\" src=\"\" alt=\"\" title=\"Hotel Playa Reina\" data-type=\"image_tag\" data-img-url=\"https:\/\/www.focuspanama.info\/eng\/wp-content\/uploads\/2022\/08\/IMG-20200116-WA0003_mapa07-1-1-100x75.jpg\"  width=\"100\" height=\"75\" \/><\/a><\/div>\r\n        <div class=\"item-details\">\r\n\r\n            <h3 class=\"entry-title td-module-title\"><a href=\"https:\/\/www.focuspanama.info\/eng\/archives\/6259\"  rel=\"bookmark\" title=\"Hotel Playa Reina\">Hotel Playa Reina<\/a><\/h3>            <div class=\"meta-info\">\r\n                <a href=\"https:\/\/www.focuspanama.info\/eng\/archives\/category\/guide-of-lodging\" class=\"td-post-category\">Guide of Lodging<\/a>                                                <span class=\"td-post-date\"><time class=\"entry-date updated td-module-date\" datetime=\"2022-08-31T14:19:59+00:00\" >August 31, 2022<\/time><\/span>                            <\/div>\r\n        <\/div>\r\n\r\n        <\/div>\r\n\r\n        \n\t<\/div> <!-- .\/td-block-span12 --><\/div><\/div> <!-- .\/block --><\/div><\/div><\/div><\/div><\/div><\/div>","protected":false},"excerpt":{"rendered":"","protected":false},"author":1,"featured_media":0,"parent":0,"menu_order":0,"comment_status":"closed","ping_status":"closed","template":"","meta":{"footnotes":""},"class_list":["post-751","page","type-page","status-publish","hentry"],"_links":{"self":[{"href":"https:\/\/www.focuspanama.info\/eng\/wp-json\/wp\/v2\/pages\/751"}],"collection":[{"href":"https:\/\/www.focuspanama.info\/eng\/wp-json\/wp\/v2\/pages"}],"about":[{"href":"https:\/\/www.focuspanama.info\/eng\/wp-json\/wp\/v2\/types\/page"}],"author":[{"embeddable":true,"href":"https:\/\/www.focuspanama.info\/eng\/wp-json\/wp\/v2\/users\/1"}],"replies":[{"embeddable":true,"href":"https:\/\/www.focuspanama.info\/eng\/wp-json\/wp\/v2\/comments?post=751"}],"version-history":[{"count":3,"href":"https:\/\/www.focuspanama.info\/eng\/wp-json\/wp\/v2\/pages\/751\/revisions"}],"predecessor-version":[{"id":8027,"href":"https:\/\/www.focuspanama.info\/eng\/wp-json\/wp\/v2\/pages\/751\/revisions\/8027"}],"wp:attachment":[{"href":"https:\/\/www.focuspanama.info\/eng\/wp-json\/wp\/v2\/media?parent=751"}],"curies":[{"name":"wp","href":"https:\/\/api.w.org\/{rel}","templated":true}]}}